{"id":225,"date":"2021-03-21T13:30:55","date_gmt":"2021-03-21T13:30:55","guid":{"rendered":"https:\/\/www.juliakrupa.com.pl\/?page_id=225"},"modified":"2024-06-12T02:40:12","modified_gmt":"2024-06-12T02:40:12","slug":"iskry","status":"publish","type":"page","link":"https:\/\/www.juliakrupa.com.pl\/?page_id=225","title":{"rendered":"Iskry"},"content":{"rendered":"\t\t<div data-elementor-type=\"wp-page\" data-elementor-id=\"225\" class=\"elementor elementor-225\" data-elementor-settings=\"[]\">\n\t\t\t\t\t\t<div class=\"elementor-inner\">\n\t\t\t\t\t\t\t<div class=\"elementor-section-wrap\">\n\t\t\t\t\t\t\t<section class=\"elementor-section elementor-top-section elementor-element elementor-element-0e0fcda elementor-section-boxed elementor-section-height-default elementor-section-height-default\" data-id=\"0e0fcda\" data-element_type=\"section\">\n\t\t\t\t\t\t<div class=\"elementor-container elementor-column-gap-default\">\n\t\t\t\t\t\t\t<div class=\"elementor-row\">\n\t\t\t\t\t<div class=\"elementor-column elementor-col-100 elementor-top-column elementor-element elementor-element-900ef5e\" data-id=\"900ef5e\" data-element_type=\"column\">\n\t\t\t<div class=\"elementor-column-wrap elementor-element-populated\">\n\t\t\t\t\t\t\t<div class=\"elementor-widget-wrap\">\n\t\t\t\t\t\t<div class=\"elementor-element elementor-element-eb00a4e elementor-nav-menu__align-left elementor-nav-menu--indicator-chevron elementor-nav-menu--dropdown-tablet elementor-nav-menu__text-align-aside elementor-nav-menu--toggle elementor-nav-menu--burger elementor-widget elementor-widget-nav-menu\" data-id=\"eb00a4e\" data-element_type=\"widget\" data-settings=\"{&quot;layout&quot;:&quot;vertical&quot;,&quot;toggle&quot;:&quot;burger&quot;}\" data-widget_type=\"nav-menu.default\">\n\t\t\t\t<div class=\"elementor-widget-container\">\n\t\t\t\t\t\t<nav role=\"navigation\" class=\"elementor-nav-menu--main elementor-nav-menu__container elementor-nav-menu--layout-vertical e--pointer-none\"><ul id=\"menu-1-eb00a4e\" class=\"elementor-nav-menu sm-vertical\"><li class=\"menu-item menu-item-type-post_type menu-item-object-page menu-item-home menu-item-393\"><a href=\"https:\/\/www.juliakrupa.com.pl\/\" class=\"elementor-item\">Bio<\/a><\/li>\n<li class=\"menu-item menu-item-type-post_type menu-item-object-page menu-item-852\"><a href=\"https:\/\/www.juliakrupa.com.pl\/?page_id=846\" class=\"elementor-item\">Artist Statement<\/a><\/li>\n<li class=\"menu-item menu-item-type-custom menu-item-object-custom menu-item-has-children menu-item-279\"><a href=\"#\" class=\"elementor-item elementor-item-anchor\">Projekty<\/a>\n<ul class=\"sub-menu elementor-nav-menu--dropdown\">\n\t<li class=\"menu-item menu-item-type-post_type menu-item-object-page menu-item-612\"><a href=\"https:\/\/www.juliakrupa.com.pl\/?page_id=584\" class=\"elementor-sub-item\">Archiwum Herstorii Zielarskiej<\/a><\/li>\n\t<li class=\"menu-item menu-item-type-post_type menu-item-object-page menu-item-686\"><a href=\"https:\/\/www.juliakrupa.com.pl\/?page_id=624\" class=\"elementor-sub-item\">Chwa\u015bciarnia<\/a><\/li>\n\t<li class=\"menu-item menu-item-type-post_type menu-item-object-page menu-item-767\"><a href=\"https:\/\/www.juliakrupa.com.pl\/?page_id=700\" class=\"elementor-sub-item\">Entry<\/a><\/li>\n\t<li class=\"menu-item menu-item-type-post_type menu-item-object-page menu-item-828\"><a href=\"https:\/\/www.juliakrupa.com.pl\/?page_id=826\" class=\"elementor-sub-item\">Wsp\u00f3\u0142oddech<\/a><\/li>\n\t<li class=\"menu-item menu-item-type-post_type menu-item-object-page menu-item-268\"><a href=\"https:\/\/www.juliakrupa.com.pl\/?page_id=246\" class=\"elementor-sub-item\">Zbieraczka, Zielarka, Wied\u017ama<\/a><\/li>\n\t<li class=\"menu-item menu-item-type-post_type menu-item-object-page menu-item-613\"><a href=\"https:\/\/www.juliakrupa.com.pl\/?page_id=555\" class=\"elementor-sub-item\">Od abstrakcji do abstrakcji<\/a><\/li>\n\t<li class=\"menu-item menu-item-type-post_type menu-item-object-page menu-item-611\"><a href=\"https:\/\/www.juliakrupa.com.pl\/?page_id=602\" class=\"elementor-sub-item\">Opolno<\/a><\/li>\n\t<li class=\"menu-item menu-item-type-post_type menu-item-object-page menu-item-277\"><a href=\"https:\/\/www.juliakrupa.com.pl\/?page_id=192\" class=\"elementor-sub-item\">Zielarka<\/a><\/li>\n\t<li class=\"menu-item menu-item-type-post_type menu-item-object-page menu-item-278\"><a href=\"https:\/\/www.juliakrupa.com.pl\/?page_id=209\" class=\"elementor-sub-item\">Pokrzywa<\/a><\/li>\n\t<li class=\"menu-item menu-item-type-post_type menu-item-object-page menu-item-824\"><a href=\"https:\/\/www.juliakrupa.com.pl\/?page_id=209\" class=\"elementor-sub-item\">Zin<\/a><\/li>\n\t<li class=\"menu-item menu-item-type-post_type menu-item-object-page menu-item-276\"><a href=\"https:\/\/www.juliakrupa.com.pl\/?page_id=256\" class=\"elementor-sub-item\">Stos Zielarki<\/a><\/li>\n\t<li class=\"menu-item menu-item-type-post_type menu-item-object-page menu-item-269\"><a href=\"https:\/\/www.juliakrupa.com.pl\/?page_id=225\" class=\"elementor-sub-item\">Iskry<\/a><\/li>\n\t<li class=\"menu-item menu-item-type-post_type menu-item-object-page menu-item-272\"><a href=\"https:\/\/www.juliakrupa.com.pl\/?page_id=63\" class=\"elementor-sub-item\">Pomara\u0144czarka<\/a><\/li>\n\t<li class=\"menu-item menu-item-type-post_type menu-item-object-page menu-item-267\"><a href=\"https:\/\/www.juliakrupa.com.pl\/?page_id=251\" class=\"elementor-sub-item\">Drewno z dowozem<\/a><\/li>\n\t<li class=\"menu-item menu-item-type-post_type menu-item-object-page menu-item-270\"><a href=\"https:\/\/www.juliakrupa.com.pl\/?page_id=261\" class=\"elementor-sub-item\">Krzykacz<\/a><\/li>\n\t<li class=\"menu-item menu-item-type-post_type menu-item-object-page menu-item-271\"><a href=\"https:\/\/www.juliakrupa.com.pl\/?page_id=241\" class=\"elementor-sub-item\">O \u0142\u0105ce<\/a><\/li>\n<\/ul>\n<\/li>\n<li class=\"menu-item menu-item-type-post_type menu-item-object-page menu-item-910\"><a href=\"https:\/\/www.juliakrupa.com.pl\/?page_id=908\" class=\"elementor-item\">Media<\/a><\/li>\n<li class=\"menu-item menu-item-type-post_type menu-item-object-page menu-item-266\"><a href=\"https:\/\/www.juliakrupa.com.pl\/?page_id=47\" class=\"elementor-item\">Kontakt<\/a><\/li>\n<\/ul><\/nav>\n\t\t\t\t\t<div class=\"elementor-menu-toggle\" role=\"button\" tabindex=\"0\" aria-label=\"Menu Toggle\" aria-expanded=\"false\">\n\t\t\t<i class=\"eicon-menu-bar\" aria-hidden=\"true\"><\/i>\n\t\t\t<span class=\"elementor-screen-only\">Menu<\/span>\n\t\t<\/div>\n\t\t\t<nav class=\"elementor-nav-menu--dropdown elementor-nav-menu__container\" role=\"navigation\" aria-hidden=\"true\"><ul id=\"menu-2-eb00a4e\" class=\"elementor-nav-menu sm-vertical\"><li class=\"menu-item menu-item-type-post_type menu-item-object-page menu-item-home menu-item-393\"><a href=\"https:\/\/www.juliakrupa.com.pl\/\" class=\"elementor-item\">Bio<\/a><\/li>\n<li class=\"menu-item menu-item-type-post_type menu-item-object-page menu-item-852\"><a href=\"https:\/\/www.juliakrupa.com.pl\/?page_id=846\" class=\"elementor-item\">Artist Statement<\/a><\/li>\n<li class=\"menu-item menu-item-type-custom menu-item-object-custom menu-item-has-children menu-item-279\"><a href=\"#\" class=\"elementor-item elementor-item-anchor\">Projekty<\/a>\n<ul class=\"sub-menu elementor-nav-menu--dropdown\">\n\t<li class=\"menu-item menu-item-type-post_type menu-item-object-page menu-item-612\"><a href=\"https:\/\/www.juliakrupa.com.pl\/?page_id=584\" class=\"elementor-sub-item\">Archiwum Herstorii Zielarskiej<\/a><\/li>\n\t<li class=\"menu-item menu-item-type-post_type menu-item-object-page menu-item-686\"><a href=\"https:\/\/www.juliakrupa.com.pl\/?page_id=624\" class=\"elementor-sub-item\">Chwa\u015bciarnia<\/a><\/li>\n\t<li class=\"menu-item menu-item-type-post_type menu-item-object-page menu-item-767\"><a href=\"https:\/\/www.juliakrupa.com.pl\/?page_id=700\" class=\"elementor-sub-item\">Entry<\/a><\/li>\n\t<li class=\"menu-item menu-item-type-post_type menu-item-object-page menu-item-828\"><a href=\"https:\/\/www.juliakrupa.com.pl\/?page_id=826\" class=\"elementor-sub-item\">Wsp\u00f3\u0142oddech<\/a><\/li>\n\t<li class=\"menu-item menu-item-type-post_type menu-item-object-page menu-item-268\"><a href=\"https:\/\/www.juliakrupa.com.pl\/?page_id=246\" class=\"elementor-sub-item\">Zbieraczka, Zielarka, Wied\u017ama<\/a><\/li>\n\t<li class=\"menu-item menu-item-type-post_type menu-item-object-page menu-item-613\"><a href=\"https:\/\/www.juliakrupa.com.pl\/?page_id=555\" class=\"elementor-sub-item\">Od abstrakcji do abstrakcji<\/a><\/li>\n\t<li class=\"menu-item menu-item-type-post_type menu-item-object-page menu-item-611\"><a href=\"https:\/\/www.juliakrupa.com.pl\/?page_id=602\" class=\"elementor-sub-item\">Opolno<\/a><\/li>\n\t<li class=\"menu-item menu-item-type-post_type menu-item-object-page menu-item-277\"><a href=\"https:\/\/www.juliakrupa.com.pl\/?page_id=192\" class=\"elementor-sub-item\">Zielarka<\/a><\/li>\n\t<li class=\"menu-item menu-item-type-post_type menu-item-object-page menu-item-278\"><a href=\"https:\/\/www.juliakrupa.com.pl\/?page_id=209\" class=\"elementor-sub-item\">Pokrzywa<\/a><\/li>\n\t<li class=\"menu-item menu-item-type-post_type menu-item-object-page menu-item-824\"><a href=\"https:\/\/www.juliakrupa.com.pl\/?page_id=209\" class=\"elementor-sub-item\">Zin<\/a><\/li>\n\t<li class=\"menu-item menu-item-type-post_type menu-item-object-page menu-item-276\"><a href=\"https:\/\/www.juliakrupa.com.pl\/?page_id=256\" class=\"elementor-sub-item\">Stos Zielarki<\/a><\/li>\n\t<li class=\"menu-item menu-item-type-post_type menu-item-object-page menu-item-269\"><a href=\"https:\/\/www.juliakrupa.com.pl\/?page_id=225\" class=\"elementor-sub-item\">Iskry<\/a><\/li>\n\t<li class=\"menu-item menu-item-type-post_type menu-item-object-page menu-item-272\"><a href=\"https:\/\/www.juliakrupa.com.pl\/?page_id=63\" class=\"elementor-sub-item\">Pomara\u0144czarka<\/a><\/li>\n\t<li class=\"menu-item menu-item-type-post_type menu-item-object-page menu-item-267\"><a href=\"https:\/\/www.juliakrupa.com.pl\/?page_id=251\" class=\"elementor-sub-item\">Drewno z dowozem<\/a><\/li>\n\t<li class=\"menu-item menu-item-type-post_type menu-item-object-page menu-item-270\"><a href=\"https:\/\/www.juliakrupa.com.pl\/?page_id=261\" class=\"elementor-sub-item\">Krzykacz<\/a><\/li>\n\t<li class=\"menu-item menu-item-type-post_type menu-item-object-page menu-item-271\"><a href=\"https:\/\/www.juliakrupa.com.pl\/?page_id=241\" class=\"elementor-sub-item\">O \u0142\u0105ce<\/a><\/li>\n<\/ul>\n<\/li>\n<li class=\"menu-item menu-item-type-post_type menu-item-object-page menu-item-910\"><a href=\"https:\/\/www.juliakrupa.com.pl\/?page_id=908\" class=\"elementor-item\">Media<\/a><\/li>\n<li class=\"menu-item menu-item-type-post_type menu-item-object-page menu-item-266\"><a href=\"https:\/\/www.juliakrupa.com.pl\/?page_id=47\" class=\"elementor-item\">Kontakt<\/a><\/li>\n<\/ul><\/nav>\n\t\t\t\t<\/div>\n\t\t\t\t<\/div>\n\t\t\t\t\t\t<\/div>\n\t\t\t\t\t<\/div>\n\t\t<\/div>\n\t\t\t\t\t\t\t\t<\/div>\n\t\t\t\t\t<\/div>\n\t\t<\/section>\n\t\t\t\t<section class=\"elementor-section elementor-top-section elementor-element elementor-element-75c068f elementor-section-height-full section elementor-section-boxed elementor-section-height-default elementor-section-items-middle\" data-id=\"75c068f\" data-element_type=\"section\">\n\t\t\t\t\t\t<div class=\"elementor-container elementor-column-gap-default\">\n\t\t\t\t\t\t\t<div class=\"elementor-row\">\n\t\t\t\t\t<div class=\"elementor-column elementor-col-100 elementor-top-column elementor-element elementor-element-6751ae7\" data-id=\"6751ae7\" data-element_type=\"column\">\n\t\t\t<div class=\"elementor-column-wrap elementor-element-populated\">\n\t\t\t\t\t\t\t<div class=\"elementor-widget-wrap\">\n\t\t\t\t\t\t<div class=\"elementor-element elementor-element-4ea97ab elementor-widget elementor-widget-image\" data-id=\"4ea97ab\" data-element_type=\"widget\" data-widget_type=\"image.default\">\n\t\t\t\t<div class=\"elementor-widget-container\">\n\t\t\t\t\t<div class=\"elementor-image\">\n\t\t\t\t\t\t\t\t\t\t<img width=\"800\" height=\"223\" src=\"https:\/\/www.juliakrupa.com.pl\/wp-content\/uploads\/2021\/03\/Zrzut-ekranu-2021-03-17-o-17.14.38-1024x285.png\" class=\"attachment-large size-large\" alt=\"\" loading=\"lazy\" srcset=\"https:\/\/www.juliakrupa.com.pl\/wp-content\/uploads\/2021\/03\/Zrzut-ekranu-2021-03-17-o-17.14.38-1024x285.png 1024w, https:\/\/www.juliakrupa.com.pl\/wp-content\/uploads\/2021\/03\/Zrzut-ekranu-2021-03-17-o-17.14.38-300x83.png 300w, https:\/\/www.juliakrupa.com.pl\/wp-content\/uploads\/2021\/03\/Zrzut-ekranu-2021-03-17-o-17.14.38-768x214.png 768w, https:\/\/www.juliakrupa.com.pl\/wp-content\/uploads\/2021\/03\/Zrzut-ekranu-2021-03-17-o-17.14.38-1536x427.png 1536w, https:\/\/www.juliakrupa.com.pl\/wp-content\/uploads\/2021\/03\/Zrzut-ekranu-2021-03-17-o-17.14.38-2048x570.png 2048w\" sizes=\"(max-width: 800px) 100vw, 800px\" \/>\t\t\t\t\t\t\t\t\t\t\t<\/div>\n\t\t\t\t<\/div>\n\t\t\t\t<\/div>\n\t\t\t\t\t\t<\/div>\n\t\t\t\t\t<\/div>\n\t\t<\/div>\n\t\t\t\t\t\t\t\t<\/div>\n\t\t\t\t\t<\/div>\n\t\t<\/section>\n\t\t\t\t<section class=\"elementor-section elementor-top-section elementor-element elementor-element-c97d62b elementor-section-height-full elementor-section-full_width elementor-section-height-default elementor-section-items-middle\" data-id=\"c97d62b\" data-element_type=\"section\">\n\t\t\t\t\t\t<div class=\"elementor-container elementor-column-gap-default\">\n\t\t\t\t\t\t\t<div class=\"elementor-row\">\n\t\t\t\t\t<div class=\"elementor-column elementor-col-33 elementor-top-column elementor-element elementor-element-9a97833\" data-id=\"9a97833\" data-element_type=\"column\">\n\t\t\t<div class=\"elementor-column-wrap\">\n\t\t\t\t\t\t\t<div class=\"elementor-widget-wrap\">\n\t\t\t\t\t\t\t\t<\/div>\n\t\t\t\t\t<\/div>\n\t\t<\/div>\n\t\t\t\t<div class=\"elementor-column elementor-col-33 elementor-top-column elementor-element elementor-element-7ed0652\" data-id=\"7ed0652\" data-element_type=\"column\">\n\t\t\t<div class=\"elementor-column-wrap elementor-element-populated\">\n\t\t\t\t\t\t\t<div class=\"elementor-widget-wrap\">\n\t\t\t\t\t\t<div class=\"elementor-element elementor-element-2ec3601 elementor-widget elementor-widget-heading\" data-id=\"2ec3601\" data-element_type=\"widget\" data-widget_type=\"heading.default\">\n\t\t\t\t<div class=\"elementor-widget-container\">\n\t\t\t<h2 class=\"elementor-heading-title elementor-size-default\">Iskry\/\nSparks\nVideo\n2020-21<\/h2>\t\t<\/div>\n\t\t\t\t<\/div>\n\t\t\t\t\t\t<\/div>\n\t\t\t\t\t<\/div>\n\t\t<\/div>\n\t\t\t\t<div class=\"elementor-column elementor-col-33 elementor-top-column elementor-element elementor-element-9ecc7f5\" data-id=\"9ecc7f5\" data-element_type=\"column\">\n\t\t\t<div class=\"elementor-column-wrap\">\n\t\t\t\t\t\t\t<div class=\"elementor-widget-wrap\">\n\t\t\t\t\t\t\t\t<\/div>\n\t\t\t\t\t<\/div>\n\t\t<\/div>\n\t\t\t\t\t\t\t\t<\/div>\n\t\t\t\t\t<\/div>\n\t\t<\/section>\n\t\t\t\t<section class=\"elementor-section elementor-top-section elementor-element elementor-element-e2f3aad elementor-section-height-full elementor-section-boxed elementor-section-height-default elementor-section-items-middle\" data-id=\"e2f3aad\" data-element_type=\"section\">\n\t\t\t\t\t\t<div class=\"elementor-container elementor-column-gap-default\">\n\t\t\t\t\t\t\t<div class=\"elementor-row\">\n\t\t\t\t\t<div class=\"elementor-column elementor-col-100 elementor-top-column elementor-element elementor-element-551d4b9\" data-id=\"551d4b9\" data-element_type=\"column\">\n\t\t\t<div class=\"elementor-column-wrap elementor-element-populated\">\n\t\t\t\t\t\t\t<div class=\"elementor-widget-wrap\">\n\t\t\t\t\t\t<div class=\"elementor-element elementor-element-0310bd6 elementor-widget elementor-widget-image\" data-id=\"0310bd6\" data-element_type=\"widget\" data-widget_type=\"image.default\">\n\t\t\t\t<div class=\"elementor-widget-container\">\n\t\t\t\t\t<div class=\"elementor-image\">\n\t\t\t\t\t\t\t\t\t\t<img width=\"800\" height=\"224\" src=\"https:\/\/www.juliakrupa.com.pl\/wp-content\/uploads\/2021\/03\/Zrzut-ekranu-2021-03-17-o-17.15.00-1024x287.png\" class=\"attachment-large size-large\" alt=\"\" loading=\"lazy\" srcset=\"https:\/\/www.juliakrupa.com.pl\/wp-content\/uploads\/2021\/03\/Zrzut-ekranu-2021-03-17-o-17.15.00-1024x287.png 1024w, https:\/\/www.juliakrupa.com.pl\/wp-content\/uploads\/2021\/03\/Zrzut-ekranu-2021-03-17-o-17.15.00-300x84.png 300w, https:\/\/www.juliakrupa.com.pl\/wp-content\/uploads\/2021\/03\/Zrzut-ekranu-2021-03-17-o-17.15.00-768x215.png 768w, https:\/\/www.juliakrupa.com.pl\/wp-content\/uploads\/2021\/03\/Zrzut-ekranu-2021-03-17-o-17.15.00-1536x431.png 1536w, https:\/\/www.juliakrupa.com.pl\/wp-content\/uploads\/2021\/03\/Zrzut-ekranu-2021-03-17-o-17.15.00-2048x574.png 2048w\" sizes=\"(max-width: 800px) 100vw, 800px\" \/>\t\t\t\t\t\t\t\t\t\t\t<\/div>\n\t\t\t\t<\/div>\n\t\t\t\t<\/div>\n\t\t\t\t\t\t<\/div>\n\t\t\t\t\t<\/div>\n\t\t<\/div>\n\t\t\t\t\t\t\t\t<\/div>\n\t\t\t\t\t<\/div>\n\t\t<\/section>\n\t\t\t\t<section class=\"elementor-section elementor-top-section elementor-element elementor-element-4c221c6 elementor-section-height-full section elementor-section-boxed elementor-section-height-default elementor-section-items-middle\" data-id=\"4c221c6\" data-element_type=\"section\">\n\t\t\t\t\t\t<div class=\"elementor-container elementor-column-gap-default\">\n\t\t\t\t\t\t\t<div class=\"elementor-row\">\n\t\t\t\t\t<div class=\"elementor-column elementor-col-50 elementor-top-column elementor-element elementor-element-b6adc1e\" data-id=\"b6adc1e\" data-element_type=\"column\">\n\t\t\t<div class=\"elementor-column-wrap\">\n\t\t\t\t\t\t\t<div class=\"elementor-widget-wrap\">\n\t\t\t\t\t\t\t\t<\/div>\n\t\t\t\t\t<\/div>\n\t\t<\/div>\n\t\t\t\t<div class=\"elementor-column elementor-col-50 elementor-top-column elementor-element elementor-element-fb91e83\" data-id=\"fb91e83\" data-element_type=\"column\">\n\t\t\t<div class=\"elementor-column-wrap elementor-element-populated\">\n\t\t\t\t\t\t\t<div class=\"elementor-widget-wrap\">\n\t\t\t\t\t\t<div class=\"elementor-element elementor-element-3dc53b0 elementor-widget elementor-widget-text-editor\" data-id=\"3dc53b0\" data-element_type=\"widget\" data-widget_type=\"text-editor.default\">\n\t\t\t\t<div class=\"elementor-widget-container\">\n\t\t\t\t\t<div class=\"elementor-text-editor elementor-clearfix\"><p class=\"p1\">Wideo sk\u0142ada si\u0119 z dwukana\u0142owej projekcji instalacji z zimnych ogni w terenach naturalnych warszawskiego Wilanowa. D\u017awi\u0119k do filmu powsta\u0142 ze s\u0142\u00f3w najs\u0142ynniejszej polskiej lektorki film\u00f3w przyrodniczych &#8211; Krystyny Czub\u00f3wny &#8211; zmontowanych w manifest afirmuj\u0105cy bogactwo zasob\u00f3w jakim jest natura dla cz\u0142owieka.<\/p><\/div>\n\t\t\t\t<\/div>\n\t\t\t\t<\/div>\n\t\t\t\t<div class=\"elementor-element elementor-element-562bf7a elementor-widget elementor-widget-text-editor\" data-id=\"562bf7a\" data-element_type=\"widget\" data-widget_type=\"text-editor.default\">\n\t\t\t\t<div class=\"elementor-widget-container\">\n\t\t\t\t\t<div class=\"elementor-text-editor elementor-clearfix\"><div title=\"Page 4\"><p id=\"tw-target-text\" class=\"tw-data-text tw-text-large XcVN5d tw-ta\" dir=\"ltr\" data-placeholder=\"T\u0142umaczenie\"><span lang=\"en\">The video consists of a two-channel projection of the installation of sparklers in the natural areas of Warsaw&#8217;s Wilan\u00f3w district. The sound for the film was created from the words of the most famous Polish lector of nature films &#8211; Krystyna Czub\u00f3wna &#8211; edited into a manifesto affirming the richness of resources that nature is for man.<\/span><\/p><\/div><\/div>\n\t\t\t\t<\/div>\n\t\t\t\t<\/div>\n\t\t\t\t\t\t<\/div>\n\t\t\t\t\t<\/div>\n\t\t<\/div>\n\t\t\t\t\t\t\t\t<\/div>\n\t\t\t\t\t<\/div>\n\t\t<\/section>\n\t\t\t\t<section class=\"elementor-section elementor-top-section elementor-element elementor-element-612968e elementor-section-full_width elementor-section-height-full section elementor-section-height-default elementor-section-items-middle\" data-id=\"612968e\" data-element_type=\"section\">\n\t\t\t\t\t\t<div class=\"elementor-container elementor-column-gap-default\">\n\t\t\t\t\t\t\t<div class=\"elementor-row\">\n\t\t\t\t\t<div class=\"elementor-column elementor-col-100 elementor-top-column elementor-element elementor-element-d1ac7f7\" data-id=\"d1ac7f7\" data-element_type=\"column\">\n\t\t\t<div class=\"elementor-column-wrap elementor-element-populated\">\n\t\t\t\t\t\t\t<div class=\"elementor-widget-wrap\">\n\t\t\t\t\t\t<div class=\"elementor-element elementor-element-31312d0 elementor-widget elementor-widget-html\" data-id=\"31312d0\" data-element_type=\"widget\" data-widget_type=\"html.default\">\n\t\t\t\t<div class=\"elementor-widget-container\">\n\t\t\t<iframe src=\"https:\/\/player.vimeo.com\/video\/526923804?title=0&byline=0&portrait=0\" width=\"1280\" height=\"360\" frameborder=\"0\" allow=\"autoplay; fullscreen; picture-in-picture\" allowfullscreen><\/iframe>\t\t<\/div>\n\t\t\t\t<\/div>\n\t\t\t\t\t\t<\/div>\n\t\t\t\t\t<\/div>\n\t\t<\/div>\n\t\t\t\t\t\t\t\t<\/div>\n\t\t\t\t\t<\/div>\n\t\t<\/section>\n\t\t\t\t<section class=\"elementor-section elementor-top-section elementor-element elementor-element-b3a4723 elementor-section-full_width elementor-section-height-full section elementor-section-height-default elementor-section-items-middle\" data-id=\"b3a4723\" data-element_type=\"section\">\n\t\t\t\t\t\t<div class=\"elementor-container elementor-column-gap-default\">\n\t\t\t\t\t\t\t<div class=\"elementor-row\">\n\t\t\t\t\t<div class=\"elementor-column elementor-col-100 elementor-top-column elementor-element elementor-element-05d3908\" data-id=\"05d3908\" data-element_type=\"column\">\n\t\t\t<div class=\"elementor-column-wrap elementor-element-populated\">\n\t\t\t\t\t\t\t<div class=\"elementor-widget-wrap\">\n\t\t\t\t\t\t<div class=\"elementor-element elementor-element-5a07b7d elementor-widget elementor-widget-html\" data-id=\"5a07b7d\" data-element_type=\"widget\" data-widget_type=\"html.default\">\n\t\t\t\t<div class=\"elementor-widget-container\">\n\t\t\t<iframe src=\"https:\/\/player.vimeo.com\/video\/523418081?title=0&byline=0&portrait=0\" width=\"1280\" height=\"360\" frameborder=\"0\" allow=\"autoplay; fullscreen; picture-in-picture\" allowfullscreen><\/iframe>\t\t<\/div>\n\t\t\t\t<\/div>\n\t\t\t\t\t\t<\/div>\n\t\t\t\t\t<\/div>\n\t\t<\/div>\n\t\t\t\t\t\t\t\t<\/div>\n\t\t\t\t\t<\/div>\n\t\t<\/section>\n\t\t\t\t\t\t<\/div>\n\t\t\t\t\t\t<\/div>\n\t\t\t\t\t<\/div>\n\t\t","protected":false},"excerpt":{"rendered":"<p>Iskry\/ Sparks Video 2020-21 Wideo sk\u0142ada si\u0119 z dwukana\u0142owej projekcji instalacji z zimnych ogni w terenach naturalnych warszawskiego Wilanowa. D\u017awi\u0119k do filmu powsta\u0142 ze s\u0142\u00f3w najs\u0142ynniejszej polskiej lektorki film\u00f3w przyrodniczych &#8211; Krystyny Czub\u00f3wny &#8211; zmontowanych w manifest afirmuj\u0105cy bogactwo zasob\u00f3w jakim jest natura dla cz\u0142owieka. The video consists of a two-channel projection of the installation [&hellip;]<\/p>\n","protected":false},"author":1,"featured_media":0,"parent":0,"menu_order":0,"comment_status":"closed","ping_status":"closed","template":"elementor_canvas","meta":[],"_links":{"self":[{"href":"https:\/\/www.juliakrupa.com.pl\/index.php?rest_route=\/wp\/v2\/pages\/225"}],"collection":[{"href":"https:\/\/www.juliakrupa.com.pl\/index.php?rest_route=\/wp\/v2\/pages"}],"about":[{"href":"https:\/\/www.juliakrupa.com.pl\/index.php?rest_route=\/wp\/v2\/types\/page"}],"author":[{"embeddable":true,"href":"https:\/\/www.juliakrupa.com.pl\/index.php?rest_route=\/wp\/v2\/users\/1"}],"replies":[{"embeddable":true,"href":"https:\/\/www.juliakrupa.com.pl\/index.php?rest_route=%2Fwp%2Fv2%2Fcomments&post=225"}],"version-history":[{"count":23,"href":"https:\/\/www.juliakrupa.com.pl\/index.php?rest_route=\/wp\/v2\/pages\/225\/revisions"}],"predecessor-version":[{"id":783,"href":"https:\/\/www.juliakrupa.com.pl\/index.php?rest_route=\/wp\/v2\/pages\/225\/revisions\/783"}],"wp:attachment":[{"href":"https:\/\/www.juliakrupa.com.pl\/index.php?rest_route=%2Fwp%2Fv2%2Fmedia&parent=225"}],"curies":[{"name":"wp","href":"https:\/\/api.w.org\/{rel}","templated":true}]}}