{"id":256,"date":"2021-03-21T13:46:50","date_gmt":"2021-03-21T13:46:50","guid":{"rendered":"https:\/\/www.juliakrupa.com.pl\/?page_id=256"},"modified":"2021-03-21T15:03:36","modified_gmt":"2021-03-21T15:03:36","slug":"stos-zielarki","status":"publish","type":"page","link":"https:\/\/www.juliakrupa.com.pl\/?page_id=256","title":{"rendered":"Stos Zielarki"},"content":{"rendered":"\t\t<div data-elementor-type=\"wp-page\" data-elementor-id=\"256\" class=\"elementor elementor-256\" data-elementor-settings=\"[]\">\n\t\t\t\t\t\t<div class=\"elementor-inner\">\n\t\t\t\t\t\t\t<div class=\"elementor-section-wrap\">\n\t\t\t\t\t\t\t<section class=\"elementor-section elementor-top-section elementor-element elementor-element-588ed69b elementor-section-boxed elementor-section-height-default elementor-section-height-default\" data-id=\"588ed69b\" data-element_type=\"section\">\n\t\t\t\t\t\t<div class=\"elementor-container elementor-column-gap-default\">\n\t\t\t\t\t\t\t<div class=\"elementor-row\">\n\t\t\t\t\t<div class=\"elementor-column elementor-col-100 elementor-top-column elementor-element elementor-element-59801580\" data-id=\"59801580\" data-element_type=\"column\">\n\t\t\t<div class=\"elementor-column-wrap elementor-element-populated\">\n\t\t\t\t\t\t\t<div class=\"elementor-widget-wrap\">\n\t\t\t\t\t\t<div class=\"elementor-element elementor-element-74ed0b41 elementor-nav-menu__align-left elementor-nav-menu--indicator-chevron elementor-nav-menu--dropdown-tablet elementor-nav-menu__text-align-aside elementor-nav-menu--toggle elementor-nav-menu--burger elementor-widget elementor-widget-nav-menu\" data-id=\"74ed0b41\" data-element_type=\"widget\" data-settings=\"{&quot;layout&quot;:&quot;vertical&quot;,&quot;toggle&quot;:&quot;burger&quot;}\" data-widget_type=\"nav-menu.default\">\n\t\t\t\t<div class=\"elementor-widget-container\">\n\t\t\t\t\t\t<nav role=\"navigation\" class=\"elementor-nav-menu--main elementor-nav-menu__container elementor-nav-menu--layout-vertical e--pointer-none\"><ul id=\"menu-1-74ed0b41\" class=\"elementor-nav-menu sm-vertical\"><li class=\"menu-item menu-item-type-post_type menu-item-object-page menu-item-home menu-item-393\"><a href=\"https:\/\/www.juliakrupa.com.pl\/\" class=\"elementor-item\">Bio<\/a><\/li>\n<li class=\"menu-item menu-item-type-post_type menu-item-object-page menu-item-852\"><a href=\"https:\/\/www.juliakrupa.com.pl\/?page_id=846\" class=\"elementor-item\">Artist Statement<\/a><\/li>\n<li class=\"menu-item menu-item-type-custom menu-item-object-custom menu-item-has-children menu-item-279\"><a href=\"#\" class=\"elementor-item elementor-item-anchor\">Projekty<\/a>\n<ul class=\"sub-menu elementor-nav-menu--dropdown\">\n\t<li class=\"menu-item menu-item-type-post_type menu-item-object-page menu-item-612\"><a href=\"https:\/\/www.juliakrupa.com.pl\/?page_id=584\" class=\"elementor-sub-item\">Archiwum Herstorii Zielarskiej<\/a><\/li>\n\t<li class=\"menu-item menu-item-type-post_type menu-item-object-page menu-item-686\"><a href=\"https:\/\/www.juliakrupa.com.pl\/?page_id=624\" class=\"elementor-sub-item\">Chwa\u015bciarnia<\/a><\/li>\n\t<li class=\"menu-item menu-item-type-post_type menu-item-object-page menu-item-767\"><a href=\"https:\/\/www.juliakrupa.com.pl\/?page_id=700\" class=\"elementor-sub-item\">Entry<\/a><\/li>\n\t<li class=\"menu-item menu-item-type-post_type menu-item-object-page menu-item-828\"><a href=\"https:\/\/www.juliakrupa.com.pl\/?page_id=826\" class=\"elementor-sub-item\">Wsp\u00f3\u0142oddech<\/a><\/li>\n\t<li class=\"menu-item menu-item-type-post_type menu-item-object-page menu-item-268\"><a href=\"https:\/\/www.juliakrupa.com.pl\/?page_id=246\" class=\"elementor-sub-item\">Zbieraczka, Zielarka, Wied\u017ama<\/a><\/li>\n\t<li class=\"menu-item menu-item-type-post_type menu-item-object-page menu-item-613\"><a href=\"https:\/\/www.juliakrupa.com.pl\/?page_id=555\" class=\"elementor-sub-item\">Od abstrakcji do abstrakcji<\/a><\/li>\n\t<li class=\"menu-item menu-item-type-post_type menu-item-object-page menu-item-611\"><a href=\"https:\/\/www.juliakrupa.com.pl\/?page_id=602\" class=\"elementor-sub-item\">Opolno<\/a><\/li>\n\t<li class=\"menu-item menu-item-type-post_type menu-item-object-page menu-item-277\"><a href=\"https:\/\/www.juliakrupa.com.pl\/?page_id=192\" class=\"elementor-sub-item\">Zielarka<\/a><\/li>\n\t<li class=\"menu-item menu-item-type-post_type menu-item-object-page menu-item-278\"><a href=\"https:\/\/www.juliakrupa.com.pl\/?page_id=209\" class=\"elementor-sub-item\">Pokrzywa<\/a><\/li>\n\t<li class=\"menu-item menu-item-type-post_type menu-item-object-page menu-item-824\"><a href=\"https:\/\/www.juliakrupa.com.pl\/?page_id=209\" class=\"elementor-sub-item\">Zin<\/a><\/li>\n\t<li class=\"menu-item menu-item-type-post_type menu-item-object-page menu-item-276\"><a href=\"https:\/\/www.juliakrupa.com.pl\/?page_id=256\" class=\"elementor-sub-item\">Stos Zielarki<\/a><\/li>\n\t<li class=\"menu-item menu-item-type-post_type menu-item-object-page menu-item-269\"><a href=\"https:\/\/www.juliakrupa.com.pl\/?page_id=225\" class=\"elementor-sub-item\">Iskry<\/a><\/li>\n\t<li class=\"menu-item menu-item-type-post_type menu-item-object-page menu-item-272\"><a href=\"https:\/\/www.juliakrupa.com.pl\/?page_id=63\" class=\"elementor-sub-item\">Pomara\u0144czarka<\/a><\/li>\n\t<li class=\"menu-item menu-item-type-post_type menu-item-object-page menu-item-267\"><a href=\"https:\/\/www.juliakrupa.com.pl\/?page_id=251\" class=\"elementor-sub-item\">Drewno z dowozem<\/a><\/li>\n\t<li class=\"menu-item menu-item-type-post_type menu-item-object-page menu-item-270\"><a href=\"https:\/\/www.juliakrupa.com.pl\/?page_id=261\" class=\"elementor-sub-item\">Krzykacz<\/a><\/li>\n\t<li class=\"menu-item menu-item-type-post_type menu-item-object-page menu-item-271\"><a href=\"https:\/\/www.juliakrupa.com.pl\/?page_id=241\" class=\"elementor-sub-item\">O \u0142\u0105ce<\/a><\/li>\n<\/ul>\n<\/li>\n<li class=\"menu-item menu-item-type-post_type menu-item-object-page menu-item-910\"><a href=\"https:\/\/www.juliakrupa.com.pl\/?page_id=908\" class=\"elementor-item\">Media<\/a><\/li>\n<li class=\"menu-item menu-item-type-post_type menu-item-object-page menu-item-266\"><a href=\"https:\/\/www.juliakrupa.com.pl\/?page_id=47\" class=\"elementor-item\">Kontakt<\/a><\/li>\n<\/ul><\/nav>\n\t\t\t\t\t<div class=\"elementor-menu-toggle\" role=\"button\" tabindex=\"0\" aria-label=\"Menu Toggle\" aria-expanded=\"false\">\n\t\t\t<i class=\"eicon-menu-bar\" aria-hidden=\"true\"><\/i>\n\t\t\t<span class=\"elementor-screen-only\">Menu<\/span>\n\t\t<\/div>\n\t\t\t<nav class=\"elementor-nav-menu--dropdown elementor-nav-menu__container\" role=\"navigation\" aria-hidden=\"true\"><ul id=\"menu-2-74ed0b41\" class=\"elementor-nav-menu sm-vertical\"><li class=\"menu-item menu-item-type-post_type menu-item-object-page menu-item-home menu-item-393\"><a href=\"https:\/\/www.juliakrupa.com.pl\/\" class=\"elementor-item\">Bio<\/a><\/li>\n<li class=\"menu-item menu-item-type-post_type menu-item-object-page menu-item-852\"><a href=\"https:\/\/www.juliakrupa.com.pl\/?page_id=846\" class=\"elementor-item\">Artist Statement<\/a><\/li>\n<li class=\"menu-item menu-item-type-custom menu-item-object-custom menu-item-has-children menu-item-279\"><a href=\"#\" class=\"elementor-item elementor-item-anchor\">Projekty<\/a>\n<ul class=\"sub-menu elementor-nav-menu--dropdown\">\n\t<li class=\"menu-item menu-item-type-post_type menu-item-object-page menu-item-612\"><a href=\"https:\/\/www.juliakrupa.com.pl\/?page_id=584\" class=\"elementor-sub-item\">Archiwum Herstorii Zielarskiej<\/a><\/li>\n\t<li class=\"menu-item menu-item-type-post_type menu-item-object-page menu-item-686\"><a href=\"https:\/\/www.juliakrupa.com.pl\/?page_id=624\" class=\"elementor-sub-item\">Chwa\u015bciarnia<\/a><\/li>\n\t<li class=\"menu-item menu-item-type-post_type menu-item-object-page menu-item-767\"><a href=\"https:\/\/www.juliakrupa.com.pl\/?page_id=700\" class=\"elementor-sub-item\">Entry<\/a><\/li>\n\t<li class=\"menu-item menu-item-type-post_type menu-item-object-page menu-item-828\"><a href=\"https:\/\/www.juliakrupa.com.pl\/?page_id=826\" class=\"elementor-sub-item\">Wsp\u00f3\u0142oddech<\/a><\/li>\n\t<li class=\"menu-item menu-item-type-post_type menu-item-object-page menu-item-268\"><a href=\"https:\/\/www.juliakrupa.com.pl\/?page_id=246\" class=\"elementor-sub-item\">Zbieraczka, Zielarka, Wied\u017ama<\/a><\/li>\n\t<li class=\"menu-item menu-item-type-post_type menu-item-object-page menu-item-613\"><a href=\"https:\/\/www.juliakrupa.com.pl\/?page_id=555\" class=\"elementor-sub-item\">Od abstrakcji do abstrakcji<\/a><\/li>\n\t<li class=\"menu-item menu-item-type-post_type menu-item-object-page menu-item-611\"><a href=\"https:\/\/www.juliakrupa.com.pl\/?page_id=602\" class=\"elementor-sub-item\">Opolno<\/a><\/li>\n\t<li class=\"menu-item menu-item-type-post_type menu-item-object-page menu-item-277\"><a href=\"https:\/\/www.juliakrupa.com.pl\/?page_id=192\" class=\"elementor-sub-item\">Zielarka<\/a><\/li>\n\t<li class=\"menu-item menu-item-type-post_type menu-item-object-page menu-item-278\"><a href=\"https:\/\/www.juliakrupa.com.pl\/?page_id=209\" class=\"elementor-sub-item\">Pokrzywa<\/a><\/li>\n\t<li class=\"menu-item menu-item-type-post_type menu-item-object-page menu-item-824\"><a href=\"https:\/\/www.juliakrupa.com.pl\/?page_id=209\" class=\"elementor-sub-item\">Zin<\/a><\/li>\n\t<li class=\"menu-item menu-item-type-post_type menu-item-object-page menu-item-276\"><a href=\"https:\/\/www.juliakrupa.com.pl\/?page_id=256\" class=\"elementor-sub-item\">Stos Zielarki<\/a><\/li>\n\t<li class=\"menu-item menu-item-type-post_type menu-item-object-page menu-item-269\"><a href=\"https:\/\/www.juliakrupa.com.pl\/?page_id=225\" class=\"elementor-sub-item\">Iskry<\/a><\/li>\n\t<li class=\"menu-item menu-item-type-post_type menu-item-object-page menu-item-272\"><a href=\"https:\/\/www.juliakrupa.com.pl\/?page_id=63\" class=\"elementor-sub-item\">Pomara\u0144czarka<\/a><\/li>\n\t<li class=\"menu-item menu-item-type-post_type menu-item-object-page menu-item-267\"><a href=\"https:\/\/www.juliakrupa.com.pl\/?page_id=251\" class=\"elementor-sub-item\">Drewno z dowozem<\/a><\/li>\n\t<li class=\"menu-item menu-item-type-post_type menu-item-object-page menu-item-270\"><a href=\"https:\/\/www.juliakrupa.com.pl\/?page_id=261\" class=\"elementor-sub-item\">Krzykacz<\/a><\/li>\n\t<li class=\"menu-item menu-item-type-post_type menu-item-object-page menu-item-271\"><a href=\"https:\/\/www.juliakrupa.com.pl\/?page_id=241\" class=\"elementor-sub-item\">O \u0142\u0105ce<\/a><\/li>\n<\/ul>\n<\/li>\n<li class=\"menu-item menu-item-type-post_type menu-item-object-page menu-item-910\"><a href=\"https:\/\/www.juliakrupa.com.pl\/?page_id=908\" class=\"elementor-item\">Media<\/a><\/li>\n<li class=\"menu-item menu-item-type-post_type menu-item-object-page menu-item-266\"><a href=\"https:\/\/www.juliakrupa.com.pl\/?page_id=47\" class=\"elementor-item\">Kontakt<\/a><\/li>\n<\/ul><\/nav>\n\t\t\t\t<\/div>\n\t\t\t\t<\/div>\n\t\t\t\t\t\t<\/div>\n\t\t\t\t\t<\/div>\n\t\t<\/div>\n\t\t\t\t\t\t\t\t<\/div>\n\t\t\t\t\t<\/div>\n\t\t<\/section>\n\t\t\t\t<section class=\"elementor-section elementor-top-section elementor-element elementor-element-75c068f elementor-section-height-full section elementor-section-boxed elementor-section-height-default elementor-section-items-middle\" data-id=\"75c068f\" data-element_type=\"section\">\n\t\t\t\t\t\t<div class=\"elementor-container elementor-column-gap-default\">\n\t\t\t\t\t\t\t<div class=\"elementor-row\">\n\t\t\t\t\t<div class=\"elementor-column elementor-col-100 elementor-top-column elementor-element elementor-element-6751ae7\" data-id=\"6751ae7\" data-element_type=\"column\">\n\t\t\t<div class=\"elementor-column-wrap elementor-element-populated\">\n\t\t\t\t\t\t\t<div class=\"elementor-widget-wrap\">\n\t\t\t\t\t\t<div class=\"elementor-element elementor-element-4ea97ab elementor-widget elementor-widget-image\" data-id=\"4ea97ab\" data-element_type=\"widget\" data-widget_type=\"image.default\">\n\t\t\t\t<div class=\"elementor-widget-container\">\n\t\t\t\t\t<div class=\"elementor-image\">\n\t\t\t\t\t\t\t\t\t\t<img width=\"765\" height=\"1024\" src=\"https:\/\/www.juliakrupa.com.pl\/wp-content\/uploads\/2021\/03\/Zrzut-ekranu-2021-03-17-o-17.16.51-765x1024.png\" class=\"attachment-large size-large\" alt=\"\" loading=\"lazy\" srcset=\"https:\/\/www.juliakrupa.com.pl\/wp-content\/uploads\/2021\/03\/Zrzut-ekranu-2021-03-17-o-17.16.51-765x1024.png 765w, https:\/\/www.juliakrupa.com.pl\/wp-content\/uploads\/2021\/03\/Zrzut-ekranu-2021-03-17-o-17.16.51-224x300.png 224w, https:\/\/www.juliakrupa.com.pl\/wp-content\/uploads\/2021\/03\/Zrzut-ekranu-2021-03-17-o-17.16.51-768x1028.png 768w, https:\/\/www.juliakrupa.com.pl\/wp-content\/uploads\/2021\/03\/Zrzut-ekranu-2021-03-17-o-17.16.51.png 1034w\" sizes=\"(max-width: 765px) 100vw, 765px\" \/>\t\t\t\t\t\t\t\t\t\t\t<\/div>\n\t\t\t\t<\/div>\n\t\t\t\t<\/div>\n\t\t\t\t\t\t<\/div>\n\t\t\t\t\t<\/div>\n\t\t<\/div>\n\t\t\t\t\t\t\t\t<\/div>\n\t\t\t\t\t<\/div>\n\t\t<\/section>\n\t\t\t\t<section class=\"elementor-section elementor-top-section elementor-element elementor-element-c97d62b elementor-section-height-full elementor-section-full_width elementor-section-height-default elementor-section-items-middle\" data-id=\"c97d62b\" data-element_type=\"section\">\n\t\t\t\t\t\t<div class=\"elementor-container elementor-column-gap-default\">\n\t\t\t\t\t\t\t<div class=\"elementor-row\">\n\t\t\t\t\t<div class=\"elementor-column elementor-col-33 elementor-top-column elementor-element elementor-element-9a97833\" data-id=\"9a97833\" data-element_type=\"column\">\n\t\t\t<div class=\"elementor-column-wrap\">\n\t\t\t\t\t\t\t<div class=\"elementor-widget-wrap\">\n\t\t\t\t\t\t\t\t<\/div>\n\t\t\t\t\t<\/div>\n\t\t<\/div>\n\t\t\t\t<div class=\"elementor-column elementor-col-33 elementor-top-column elementor-element elementor-element-7ed0652\" data-id=\"7ed0652\" data-element_type=\"column\">\n\t\t\t<div class=\"elementor-column-wrap elementor-element-populated\">\n\t\t\t\t\t\t\t<div class=\"elementor-widget-wrap\">\n\t\t\t\t\t\t<div class=\"elementor-element elementor-element-2ec3601 elementor-widget elementor-widget-heading\" data-id=\"2ec3601\" data-element_type=\"widget\" data-widget_type=\"heading.default\">\n\t\t\t\t<div class=\"elementor-widget-container\">\n\t\t\t<h2 class=\"elementor-heading-title elementor-size-default\">STOS ZIELARKI \/\nHERBALISTS STACK\nINSTALACJA\/\nINSTALLATION\n2020<\/h2>\t\t<\/div>\n\t\t\t\t<\/div>\n\t\t\t\t\t\t<\/div>\n\t\t\t\t\t<\/div>\n\t\t<\/div>\n\t\t\t\t<div class=\"elementor-column elementor-col-33 elementor-top-column elementor-element elementor-element-9ecc7f5\" data-id=\"9ecc7f5\" data-element_type=\"column\">\n\t\t\t<div class=\"elementor-column-wrap\">\n\t\t\t\t\t\t\t<div class=\"elementor-widget-wrap\">\n\t\t\t\t\t\t\t\t<\/div>\n\t\t\t\t\t<\/div>\n\t\t<\/div>\n\t\t\t\t\t\t\t\t<\/div>\n\t\t\t\t\t<\/div>\n\t\t<\/section>\n\t\t\t\t<section class=\"elementor-section elementor-top-section elementor-element elementor-element-e2f3aad elementor-section-height-full elementor-section-boxed elementor-section-height-default elementor-section-items-middle\" data-id=\"e2f3aad\" data-element_type=\"section\">\n\t\t\t\t\t\t<div class=\"elementor-container elementor-column-gap-default\">\n\t\t\t\t\t\t\t<div class=\"elementor-row\">\n\t\t\t\t\t<div class=\"elementor-column elementor-col-100 elementor-top-column elementor-element elementor-element-551d4b9\" data-id=\"551d4b9\" data-element_type=\"column\">\n\t\t\t<div class=\"elementor-column-wrap elementor-element-populated\">\n\t\t\t\t\t\t\t<div class=\"elementor-widget-wrap\">\n\t\t\t\t\t\t<div class=\"elementor-element elementor-element-0310bd6 elementor-widget elementor-widget-image\" data-id=\"0310bd6\" data-element_type=\"widget\" data-widget_type=\"image.default\">\n\t\t\t\t<div class=\"elementor-widget-container\">\n\t\t\t\t\t<div class=\"elementor-image\">\n\t\t\t\t\t\t\t\t\t\t<img width=\"800\" height=\"631\" src=\"https:\/\/www.juliakrupa.com.pl\/wp-content\/uploads\/2021\/03\/Zrzut-ekranu-2021-03-17-o-17.17.05-1024x808.png\" class=\"attachment-large size-large\" alt=\"\" loading=\"lazy\" srcset=\"https:\/\/www.juliakrupa.com.pl\/wp-content\/uploads\/2021\/03\/Zrzut-ekranu-2021-03-17-o-17.17.05-1024x808.png 1024w, https:\/\/www.juliakrupa.com.pl\/wp-content\/uploads\/2021\/03\/Zrzut-ekranu-2021-03-17-o-17.17.05-300x237.png 300w, https:\/\/www.juliakrupa.com.pl\/wp-content\/uploads\/2021\/03\/Zrzut-ekranu-2021-03-17-o-17.17.05-768x606.png 768w, https:\/\/www.juliakrupa.com.pl\/wp-content\/uploads\/2021\/03\/Zrzut-ekranu-2021-03-17-o-17.17.05-1536x1212.png 1536w, https:\/\/www.juliakrupa.com.pl\/wp-content\/uploads\/2021\/03\/Zrzut-ekranu-2021-03-17-o-17.17.05.png 1754w\" sizes=\"(max-width: 800px) 100vw, 800px\" \/>\t\t\t\t\t\t\t\t\t\t\t<\/div>\n\t\t\t\t<\/div>\n\t\t\t\t<\/div>\n\t\t\t\t\t\t<\/div>\n\t\t\t\t\t<\/div>\n\t\t<\/div>\n\t\t\t\t\t\t\t\t<\/div>\n\t\t\t\t\t<\/div>\n\t\t<\/section>\n\t\t\t\t<section class=\"elementor-section elementor-top-section elementor-element elementor-element-091c975 elementor-section-height-full elementor-section-boxed elementor-section-height-default elementor-section-items-middle\" data-id=\"091c975\" data-element_type=\"section\">\n\t\t\t\t\t\t<div class=\"elementor-container elementor-column-gap-default\">\n\t\t\t\t\t\t\t<div class=\"elementor-row\">\n\t\t\t\t\t<div class=\"elementor-column elementor-col-100 elementor-top-column elementor-element elementor-element-24b5f40\" data-id=\"24b5f40\" data-element_type=\"column\">\n\t\t\t<div class=\"elementor-column-wrap elementor-element-populated\">\n\t\t\t\t\t\t\t<div class=\"elementor-widget-wrap\">\n\t\t\t\t\t\t<div class=\"elementor-element elementor-element-3f2efc2 elementor-widget elementor-widget-image\" data-id=\"3f2efc2\" data-element_type=\"widget\" data-widget_type=\"image.default\">\n\t\t\t\t<div class=\"elementor-widget-container\">\n\t\t\t\t\t<div class=\"elementor-image\">\n\t\t\t\t\t\t\t\t\t\t<img width=\"800\" height=\"498\" src=\"https:\/\/www.juliakrupa.com.pl\/wp-content\/uploads\/2021\/03\/Zrzut-ekranu-2021-03-17-o-17.17.18-1024x637.png\" class=\"attachment-large size-large\" alt=\"\" loading=\"lazy\" srcset=\"https:\/\/www.juliakrupa.com.pl\/wp-content\/uploads\/2021\/03\/Zrzut-ekranu-2021-03-17-o-17.17.18-1024x637.png 1024w, https:\/\/www.juliakrupa.com.pl\/wp-content\/uploads\/2021\/03\/Zrzut-ekranu-2021-03-17-o-17.17.18-300x187.png 300w, https:\/\/www.juliakrupa.com.pl\/wp-content\/uploads\/2021\/03\/Zrzut-ekranu-2021-03-17-o-17.17.18-768x478.png 768w, https:\/\/www.juliakrupa.com.pl\/wp-content\/uploads\/2021\/03\/Zrzut-ekranu-2021-03-17-o-17.17.18-1536x955.png 1536w, https:\/\/www.juliakrupa.com.pl\/wp-content\/uploads\/2021\/03\/Zrzut-ekranu-2021-03-17-o-17.17.18-2048x1274.png 2048w\" sizes=\"(max-width: 800px) 100vw, 800px\" \/>\t\t\t\t\t\t\t\t\t\t\t<\/div>\n\t\t\t\t<\/div>\n\t\t\t\t<\/div>\n\t\t\t\t\t\t<\/div>\n\t\t\t\t\t<\/div>\n\t\t<\/div>\n\t\t\t\t\t\t\t\t<\/div>\n\t\t\t\t\t<\/div>\n\t\t<\/section>\n\t\t\t\t<section class=\"elementor-section elementor-top-section elementor-element elementor-element-4c221c6 elementor-section-height-full section elementor-section-boxed elementor-section-height-default elementor-section-items-middle\" data-id=\"4c221c6\" data-element_type=\"section\">\n\t\t\t\t\t\t<div class=\"elementor-container elementor-column-gap-default\">\n\t\t\t\t\t\t\t<div class=\"elementor-row\">\n\t\t\t\t\t<div class=\"elementor-column elementor-col-50 elementor-top-column elementor-element elementor-element-b6adc1e\" data-id=\"b6adc1e\" data-element_type=\"column\">\n\t\t\t<div class=\"elementor-column-wrap\">\n\t\t\t\t\t\t\t<div class=\"elementor-widget-wrap\">\n\t\t\t\t\t\t\t\t<\/div>\n\t\t\t\t\t<\/div>\n\t\t<\/div>\n\t\t\t\t<div class=\"elementor-column elementor-col-50 elementor-top-column elementor-element elementor-element-fb91e83\" data-id=\"fb91e83\" data-element_type=\"column\">\n\t\t\t<div class=\"elementor-column-wrap elementor-element-populated\">\n\t\t\t\t\t\t\t<div class=\"elementor-widget-wrap\">\n\t\t\t\t\t\t<div class=\"elementor-element elementor-element-3dc53b0 elementor-widget elementor-widget-text-editor\" data-id=\"3dc53b0\" data-element_type=\"widget\" data-widget_type=\"text-editor.default\">\n\t\t\t\t<div class=\"elementor-widget-container\">\n\t\t\t\t\t<div class=\"elementor-text-editor elementor-clearfix\"><div title=\"Page 4\"><p class=\"p1\">Instalacja sk\u0142ada\u0142a si\u0119 z kilkunastu rodzaj\u00f3w pachn\u0105cych s\u0142owia\u0144skich zi\u00f3\u0142 i pnia, u\u0142o\u017conych na kszta\u0142t stosu na kt\u00f3rym mia\u0142a sp\u0142on\u0105\u0107 zielarka-czarownica. Posta\u0107 zielarki jest dla mnie szczeg\u00f3lnie inspiruj\u0105ca we w\u0142asnej podr\u00f3\u017cy ekofeministycznej, tak\u017ce przez tragizm swojej historii podczas polowa\u0144 na \u201eczarownice\u201d. Pragn\u0105c odbudowa\u0107 relacj\u0119 z natur\u0105 odczuwam potrzeb\u0119 powrotu do wiedzy i wi\u0119zi z naszymi przodkiniami.<\/p><\/div><\/div>\n\t\t\t\t<\/div>\n\t\t\t\t<\/div>\n\t\t\t\t<div class=\"elementor-element elementor-element-562bf7a elementor-widget elementor-widget-text-editor\" data-id=\"562bf7a\" data-element_type=\"widget\" data-widget_type=\"text-editor.default\">\n\t\t\t\t<div class=\"elementor-widget-container\">\n\t\t\t\t\t<div class=\"elementor-text-editor elementor-clearfix\"><div title=\"Page 4\"><p id=\"tw-target-text\" class=\"tw-data-text tw-text-large XcVN5d tw-ta\" dir=\"ltr\" data-placeholder=\"T\u0142umaczenie\"><span lang=\"en\">The installation consisted of a dozen or so types of fragrant Slavic herbs and a trunk, arranged in the shape of a pile on which the herbalist-witch was to burn. The character of the herbalist is especially inspiring for me in my own eco-feminist journey, also because of the tragedy of her history during the &#8220;witch&#8221; hunts. Wishing to rebuild a relationship with nature, I feel the need to return to knowledge and bond with our ancestors. <\/span><\/p><\/div><\/div>\n\t\t\t\t<\/div>\n\t\t\t\t<\/div>\n\t\t\t\t\t\t<\/div>\n\t\t\t\t\t<\/div>\n\t\t<\/div>\n\t\t\t\t\t\t\t\t<\/div>\n\t\t\t\t\t<\/div>\n\t\t<\/section>\n\t\t\t\t\t\t<\/div>\n\t\t\t\t\t\t<\/div>\n\t\t\t\t\t<\/div>\n\t\t","protected":false},"excerpt":{"rendered":"<p>STOS ZIELARKI \/ HERBALISTS STACK INSTALACJA\/ INSTALLATION 2020 Instalacja sk\u0142ada\u0142a si\u0119 z kilkunastu rodzaj\u00f3w pachn\u0105cych s\u0142owia\u0144skich zi\u00f3\u0142 i pnia, u\u0142o\u017conych na kszta\u0142t stosu na kt\u00f3rym mia\u0142a sp\u0142on\u0105\u0107 zielarka-czarownica. Posta\u0107 zielarki jest dla mnie szczeg\u00f3lnie inspiruj\u0105ca we w\u0142asnej podr\u00f3\u017cy ekofeministycznej, tak\u017ce przez tragizm swojej historii podczas polowa\u0144 na \u201eczarownice\u201d. Pragn\u0105c odbudowa\u0107 relacj\u0119 z natur\u0105 odczuwam potrzeb\u0119 [&hellip;]<\/p>\n","protected":false},"author":1,"featured_media":0,"parent":0,"menu_order":0,"comment_status":"closed","ping_status":"closed","template":"elementor_canvas","meta":[],"_links":{"self":[{"href":"https:\/\/www.juliakrupa.com.pl\/index.php?rest_route=\/wp\/v2\/pages\/256"}],"collection":[{"href":"https:\/\/www.juliakrupa.com.pl\/index.php?rest_route=\/wp\/v2\/pages"}],"about":[{"href":"https:\/\/www.juliakrupa.com.pl\/index.php?rest_route=\/wp\/v2\/types\/page"}],"author":[{"embeddable":true,"href":"https:\/\/www.juliakrupa.com.pl\/index.php?rest_route=\/wp\/v2\/users\/1"}],"replies":[{"embeddable":true,"href":"https:\/\/www.juliakrupa.com.pl\/index.php?rest_route=%2Fwp%2Fv2%2Fcomments&post=256"}],"version-history":[{"count":10,"href":"https:\/\/www.juliakrupa.com.pl\/index.php?rest_route=\/wp\/v2\/pages\/256\/revisions"}],"predecessor-version":[{"id":362,"href":"https:\/\/www.juliakrupa.com.pl\/index.php?rest_route=\/wp\/v2\/pages\/256\/revisions\/362"}],"wp:attachment":[{"href":"https:\/\/www.juliakrupa.com.pl\/index.php?rest_route=%2Fwp%2Fv2%2Fmedia&parent=256"}],"curies":[{"name":"wp","href":"https:\/\/api.w.org\/{rel}","templated":true}]}}