{"id":826,"date":"2024-06-12T03:37:44","date_gmt":"2024-06-12T03:37:44","guid":{"rendered":"https:\/\/www.juliakrupa.com.pl\/?page_id=826"},"modified":"2024-06-12T03:45:21","modified_gmt":"2024-06-12T03:45:21","slug":"strona-1-2-2","status":"publish","type":"page","link":"https:\/\/www.juliakrupa.com.pl\/?page_id=826","title":{"rendered":"Wsp\u00f3\u0142oddech"},"content":{"rendered":"\t\t<div data-elementor-type=\"wp-page\" data-elementor-id=\"826\" class=\"elementor elementor-826\" data-elementor-settings=\"[]\">\n\t\t\t\t\t\t<div class=\"elementor-inner\">\n\t\t\t\t\t\t\t<div class=\"elementor-section-wrap\">\n\t\t\t\t\t\t\t<section class=\"elementor-section elementor-top-section elementor-element elementor-element-254dc9fe elementor-section-boxed elementor-section-height-default elementor-section-height-default\" data-id=\"254dc9fe\" data-element_type=\"section\">\n\t\t\t\t\t\t<div class=\"elementor-container elementor-column-gap-default\">\n\t\t\t\t\t\t\t<div class=\"elementor-row\">\n\t\t\t\t\t<div class=\"elementor-column elementor-col-100 elementor-top-column elementor-element elementor-element-a5f04a9\" data-id=\"a5f04a9\" data-element_type=\"column\">\n\t\t\t<div class=\"elementor-column-wrap elementor-element-populated\">\n\t\t\t\t\t\t\t<div class=\"elementor-widget-wrap\">\n\t\t\t\t\t\t<div class=\"elementor-element elementor-element-5d3f9066 elementor-nav-menu__align-left elementor-nav-menu--indicator-chevron elementor-nav-menu--dropdown-tablet elementor-nav-menu__text-align-aside elementor-nav-menu--toggle elementor-nav-menu--burger elementor-widget elementor-widget-nav-menu\" data-id=\"5d3f9066\" data-element_type=\"widget\" data-settings=\"{&quot;layout&quot;:&quot;vertical&quot;,&quot;toggle&quot;:&quot;burger&quot;}\" data-widget_type=\"nav-menu.default\">\n\t\t\t\t<div class=\"elementor-widget-container\">\n\t\t\t\t\t\t<nav role=\"navigation\" class=\"elementor-nav-menu--main elementor-nav-menu__container elementor-nav-menu--layout-vertical e--pointer-none\"><ul id=\"menu-1-5d3f9066\" class=\"elementor-nav-menu sm-vertical\"><li class=\"menu-item menu-item-type-post_type menu-item-object-page menu-item-home menu-item-393\"><a href=\"https:\/\/www.juliakrupa.com.pl\/\" class=\"elementor-item\">Bio<\/a><\/li>\n<li class=\"menu-item menu-item-type-post_type menu-item-object-page menu-item-852\"><a href=\"https:\/\/www.juliakrupa.com.pl\/?page_id=846\" class=\"elementor-item\">Artist Statement<\/a><\/li>\n<li class=\"menu-item menu-item-type-custom menu-item-object-custom menu-item-has-children menu-item-279\"><a href=\"#\" class=\"elementor-item elementor-item-anchor\">Projekty<\/a>\n<ul class=\"sub-menu elementor-nav-menu--dropdown\">\n\t<li class=\"menu-item menu-item-type-post_type menu-item-object-page menu-item-612\"><a href=\"https:\/\/www.juliakrupa.com.pl\/?page_id=584\" class=\"elementor-sub-item\">Archiwum Herstorii Zielarskiej<\/a><\/li>\n\t<li class=\"menu-item menu-item-type-post_type menu-item-object-page menu-item-686\"><a href=\"https:\/\/www.juliakrupa.com.pl\/?page_id=624\" class=\"elementor-sub-item\">Chwa\u015bciarnia<\/a><\/li>\n\t<li class=\"menu-item menu-item-type-post_type menu-item-object-page menu-item-767\"><a href=\"https:\/\/www.juliakrupa.com.pl\/?page_id=700\" class=\"elementor-sub-item\">Entry<\/a><\/li>\n\t<li class=\"menu-item menu-item-type-post_type menu-item-object-page menu-item-828\"><a href=\"https:\/\/www.juliakrupa.com.pl\/?page_id=826\" class=\"elementor-sub-item\">Wsp\u00f3\u0142oddech<\/a><\/li>\n\t<li class=\"menu-item menu-item-type-post_type menu-item-object-page menu-item-268\"><a href=\"https:\/\/www.juliakrupa.com.pl\/?page_id=246\" class=\"elementor-sub-item\">Zbieraczka, Zielarka, Wied\u017ama<\/a><\/li>\n\t<li class=\"menu-item menu-item-type-post_type menu-item-object-page menu-item-613\"><a href=\"https:\/\/www.juliakrupa.com.pl\/?page_id=555\" class=\"elementor-sub-item\">Od abstrakcji do abstrakcji<\/a><\/li>\n\t<li class=\"menu-item menu-item-type-post_type menu-item-object-page menu-item-611\"><a href=\"https:\/\/www.juliakrupa.com.pl\/?page_id=602\" class=\"elementor-sub-item\">Opolno<\/a><\/li>\n\t<li class=\"menu-item menu-item-type-post_type menu-item-object-page menu-item-277\"><a href=\"https:\/\/www.juliakrupa.com.pl\/?page_id=192\" class=\"elementor-sub-item\">Zielarka<\/a><\/li>\n\t<li class=\"menu-item menu-item-type-post_type menu-item-object-page menu-item-278\"><a href=\"https:\/\/www.juliakrupa.com.pl\/?page_id=209\" class=\"elementor-sub-item\">Pokrzywa<\/a><\/li>\n\t<li class=\"menu-item menu-item-type-post_type menu-item-object-page menu-item-824\"><a href=\"https:\/\/www.juliakrupa.com.pl\/?page_id=209\" class=\"elementor-sub-item\">Zin<\/a><\/li>\n\t<li class=\"menu-item menu-item-type-post_type menu-item-object-page menu-item-276\"><a href=\"https:\/\/www.juliakrupa.com.pl\/?page_id=256\" class=\"elementor-sub-item\">Stos Zielarki<\/a><\/li>\n\t<li class=\"menu-item menu-item-type-post_type menu-item-object-page menu-item-269\"><a href=\"https:\/\/www.juliakrupa.com.pl\/?page_id=225\" class=\"elementor-sub-item\">Iskry<\/a><\/li>\n\t<li class=\"menu-item menu-item-type-post_type menu-item-object-page menu-item-272\"><a href=\"https:\/\/www.juliakrupa.com.pl\/?page_id=63\" class=\"elementor-sub-item\">Pomara\u0144czarka<\/a><\/li>\n\t<li class=\"menu-item menu-item-type-post_type menu-item-object-page menu-item-267\"><a href=\"https:\/\/www.juliakrupa.com.pl\/?page_id=251\" class=\"elementor-sub-item\">Drewno z dowozem<\/a><\/li>\n\t<li class=\"menu-item menu-item-type-post_type menu-item-object-page menu-item-270\"><a href=\"https:\/\/www.juliakrupa.com.pl\/?page_id=261\" class=\"elementor-sub-item\">Krzykacz<\/a><\/li>\n\t<li class=\"menu-item menu-item-type-post_type menu-item-object-page menu-item-271\"><a href=\"https:\/\/www.juliakrupa.com.pl\/?page_id=241\" class=\"elementor-sub-item\">O \u0142\u0105ce<\/a><\/li>\n<\/ul>\n<\/li>\n<li class=\"menu-item menu-item-type-post_type menu-item-object-page menu-item-910\"><a href=\"https:\/\/www.juliakrupa.com.pl\/?page_id=908\" class=\"elementor-item\">Media<\/a><\/li>\n<li class=\"menu-item menu-item-type-post_type menu-item-object-page menu-item-266\"><a href=\"https:\/\/www.juliakrupa.com.pl\/?page_id=47\" class=\"elementor-item\">Kontakt<\/a><\/li>\n<\/ul><\/nav>\n\t\t\t\t\t<div class=\"elementor-menu-toggle\" role=\"button\" tabindex=\"0\" aria-label=\"Menu Toggle\" aria-expanded=\"false\">\n\t\t\t<i class=\"eicon-menu-bar\" aria-hidden=\"true\"><\/i>\n\t\t\t<span class=\"elementor-screen-only\">Menu<\/span>\n\t\t<\/div>\n\t\t\t<nav class=\"elementor-nav-menu--dropdown elementor-nav-menu__container\" role=\"navigation\" aria-hidden=\"true\"><ul id=\"menu-2-5d3f9066\" class=\"elementor-nav-menu sm-vertical\"><li class=\"menu-item menu-item-type-post_type menu-item-object-page menu-item-home menu-item-393\"><a href=\"https:\/\/www.juliakrupa.com.pl\/\" class=\"elementor-item\">Bio<\/a><\/li>\n<li class=\"menu-item menu-item-type-post_type menu-item-object-page menu-item-852\"><a href=\"https:\/\/www.juliakrupa.com.pl\/?page_id=846\" class=\"elementor-item\">Artist Statement<\/a><\/li>\n<li class=\"menu-item menu-item-type-custom menu-item-object-custom menu-item-has-children menu-item-279\"><a href=\"#\" class=\"elementor-item elementor-item-anchor\">Projekty<\/a>\n<ul class=\"sub-menu elementor-nav-menu--dropdown\">\n\t<li class=\"menu-item menu-item-type-post_type menu-item-object-page menu-item-612\"><a href=\"https:\/\/www.juliakrupa.com.pl\/?page_id=584\" class=\"elementor-sub-item\">Archiwum Herstorii Zielarskiej<\/a><\/li>\n\t<li class=\"menu-item menu-item-type-post_type menu-item-object-page menu-item-686\"><a href=\"https:\/\/www.juliakrupa.com.pl\/?page_id=624\" class=\"elementor-sub-item\">Chwa\u015bciarnia<\/a><\/li>\n\t<li class=\"menu-item menu-item-type-post_type menu-item-object-page menu-item-767\"><a href=\"https:\/\/www.juliakrupa.com.pl\/?page_id=700\" class=\"elementor-sub-item\">Entry<\/a><\/li>\n\t<li class=\"menu-item menu-item-type-post_type menu-item-object-page menu-item-828\"><a href=\"https:\/\/www.juliakrupa.com.pl\/?page_id=826\" class=\"elementor-sub-item\">Wsp\u00f3\u0142oddech<\/a><\/li>\n\t<li class=\"menu-item menu-item-type-post_type menu-item-object-page menu-item-268\"><a href=\"https:\/\/www.juliakrupa.com.pl\/?page_id=246\" class=\"elementor-sub-item\">Zbieraczka, Zielarka, Wied\u017ama<\/a><\/li>\n\t<li class=\"menu-item menu-item-type-post_type menu-item-object-page menu-item-613\"><a href=\"https:\/\/www.juliakrupa.com.pl\/?page_id=555\" class=\"elementor-sub-item\">Od abstrakcji do abstrakcji<\/a><\/li>\n\t<li class=\"menu-item menu-item-type-post_type menu-item-object-page menu-item-611\"><a href=\"https:\/\/www.juliakrupa.com.pl\/?page_id=602\" class=\"elementor-sub-item\">Opolno<\/a><\/li>\n\t<li class=\"menu-item menu-item-type-post_type menu-item-object-page menu-item-277\"><a href=\"https:\/\/www.juliakrupa.com.pl\/?page_id=192\" class=\"elementor-sub-item\">Zielarka<\/a><\/li>\n\t<li class=\"menu-item menu-item-type-post_type menu-item-object-page menu-item-278\"><a href=\"https:\/\/www.juliakrupa.com.pl\/?page_id=209\" class=\"elementor-sub-item\">Pokrzywa<\/a><\/li>\n\t<li class=\"menu-item menu-item-type-post_type menu-item-object-page menu-item-824\"><a href=\"https:\/\/www.juliakrupa.com.pl\/?page_id=209\" class=\"elementor-sub-item\">Zin<\/a><\/li>\n\t<li class=\"menu-item menu-item-type-post_type menu-item-object-page menu-item-276\"><a href=\"https:\/\/www.juliakrupa.com.pl\/?page_id=256\" class=\"elementor-sub-item\">Stos Zielarki<\/a><\/li>\n\t<li class=\"menu-item menu-item-type-post_type menu-item-object-page menu-item-269\"><a href=\"https:\/\/www.juliakrupa.com.pl\/?page_id=225\" class=\"elementor-sub-item\">Iskry<\/a><\/li>\n\t<li class=\"menu-item menu-item-type-post_type menu-item-object-page menu-item-272\"><a href=\"https:\/\/www.juliakrupa.com.pl\/?page_id=63\" class=\"elementor-sub-item\">Pomara\u0144czarka<\/a><\/li>\n\t<li class=\"menu-item menu-item-type-post_type menu-item-object-page menu-item-267\"><a href=\"https:\/\/www.juliakrupa.com.pl\/?page_id=251\" class=\"elementor-sub-item\">Drewno z dowozem<\/a><\/li>\n\t<li class=\"menu-item menu-item-type-post_type menu-item-object-page menu-item-270\"><a href=\"https:\/\/www.juliakrupa.com.pl\/?page_id=261\" class=\"elementor-sub-item\">Krzykacz<\/a><\/li>\n\t<li class=\"menu-item menu-item-type-post_type menu-item-object-page menu-item-271\"><a href=\"https:\/\/www.juliakrupa.com.pl\/?page_id=241\" class=\"elementor-sub-item\">O \u0142\u0105ce<\/a><\/li>\n<\/ul>\n<\/li>\n<li class=\"menu-item menu-item-type-post_type menu-item-object-page menu-item-910\"><a href=\"https:\/\/www.juliakrupa.com.pl\/?page_id=908\" class=\"elementor-item\">Media<\/a><\/li>\n<li class=\"menu-item menu-item-type-post_type menu-item-object-page menu-item-266\"><a href=\"https:\/\/www.juliakrupa.com.pl\/?page_id=47\" class=\"elementor-item\">Kontakt<\/a><\/li>\n<\/ul><\/nav>\n\t\t\t\t<\/div>\n\t\t\t\t<\/div>\n\t\t\t\t\t\t<\/div>\n\t\t\t\t\t<\/div>\n\t\t<\/div>\n\t\t\t\t\t\t\t\t<\/div>\n\t\t\t\t\t<\/div>\n\t\t<\/section>\n\t\t\t\t<section class=\"elementor-section elementor-top-section elementor-element elementor-element-75c068f elementor-section-height-full section elementor-section-boxed elementor-section-height-default elementor-section-items-middle\" data-id=\"75c068f\" data-element_type=\"section\">\n\t\t\t\t\t\t<div class=\"elementor-container elementor-column-gap-default\">\n\t\t\t\t\t\t\t<div class=\"elementor-row\">\n\t\t\t\t\t<div class=\"elementor-column elementor-col-100 elementor-top-column elementor-element elementor-element-6751ae7\" data-id=\"6751ae7\" data-element_type=\"column\">\n\t\t\t<div class=\"elementor-column-wrap elementor-element-populated\">\n\t\t\t\t\t\t\t<div class=\"elementor-widget-wrap\">\n\t\t\t\t\t\t<div class=\"elementor-element elementor-element-4ea97ab elementor-widget elementor-widget-image\" data-id=\"4ea97ab\" data-element_type=\"widget\" data-widget_type=\"image.default\">\n\t\t\t\t<div class=\"elementor-widget-container\">\n\t\t\t\t\t<div class=\"elementor-image\">\n\t\t\t\t\t\t\t\t\t\t<img width=\"800\" height=\"534\" src=\"https:\/\/www.juliakrupa.com.pl\/wp-content\/uploads\/2024\/04\/2024-04-12-Julia-Krupa-Uczynic-_03_03_c-fot-Adam-Gut-20x30cm-1024x683.jpg\" class=\"attachment-large size-large\" alt=\"\" loading=\"lazy\" srcset=\"https:\/\/www.juliakrupa.com.pl\/wp-content\/uploads\/2024\/04\/2024-04-12-Julia-Krupa-Uczynic-_03_03_c-fot-Adam-Gut-20x30cm-1024x683.jpg 1024w, https:\/\/www.juliakrupa.com.pl\/wp-content\/uploads\/2024\/04\/2024-04-12-Julia-Krupa-Uczynic-_03_03_c-fot-Adam-Gut-20x30cm-300x200.jpg 300w, https:\/\/www.juliakrupa.com.pl\/wp-content\/uploads\/2024\/04\/2024-04-12-Julia-Krupa-Uczynic-_03_03_c-fot-Adam-Gut-20x30cm-768x512.jpg 768w, https:\/\/www.juliakrupa.com.pl\/wp-content\/uploads\/2024\/04\/2024-04-12-Julia-Krupa-Uczynic-_03_03_c-fot-Adam-Gut-20x30cm-1536x1024.jpg 1536w, https:\/\/www.juliakrupa.com.pl\/wp-content\/uploads\/2024\/04\/2024-04-12-Julia-Krupa-Uczynic-_03_03_c-fot-Adam-Gut-20x30cm-2048x1365.jpg 2048w\" sizes=\"(max-width: 800px) 100vw, 800px\" \/>\t\t\t\t\t\t\t\t\t\t\t<\/div>\n\t\t\t\t<\/div>\n\t\t\t\t<\/div>\n\t\t\t\t\t\t<\/div>\n\t\t\t\t\t<\/div>\n\t\t<\/div>\n\t\t\t\t\t\t\t\t<\/div>\n\t\t\t\t\t<\/div>\n\t\t<\/section>\n\t\t\t\t<section class=\"elementor-section elementor-top-section elementor-element elementor-element-c97d62b elementor-section-height-full elementor-section-full_width elementor-section-height-default elementor-section-items-middle\" data-id=\"c97d62b\" data-element_type=\"section\">\n\t\t\t\t\t\t<div class=\"elementor-container elementor-column-gap-default\">\n\t\t\t\t\t\t\t<div class=\"elementor-row\">\n\t\t\t\t\t<div class=\"elementor-column elementor-col-33 elementor-top-column elementor-element elementor-element-9a97833\" data-id=\"9a97833\" data-element_type=\"column\">\n\t\t\t<div class=\"elementor-column-wrap\">\n\t\t\t\t\t\t\t<div class=\"elementor-widget-wrap\">\n\t\t\t\t\t\t\t\t<\/div>\n\t\t\t\t\t<\/div>\n\t\t<\/div>\n\t\t\t\t<div class=\"elementor-column elementor-col-33 elementor-top-column elementor-element elementor-element-7ed0652\" data-id=\"7ed0652\" data-element_type=\"column\">\n\t\t\t<div class=\"elementor-column-wrap elementor-element-populated\">\n\t\t\t\t\t\t\t<div class=\"elementor-widget-wrap\">\n\t\t\t\t\t\t<div class=\"elementor-element elementor-element-2ec3601 elementor-widget elementor-widget-heading\" data-id=\"2ec3601\" data-element_type=\"widget\" data-widget_type=\"heading.default\">\n\t\t\t\t<div class=\"elementor-widget-container\">\n\t\t\t<h2 class=\"elementor-heading-title elementor-size-default\">Wsp\u00f3\u0142oddech\/\nBreathing-with\n2024<\/h2>\t\t<\/div>\n\t\t\t\t<\/div>\n\t\t\t\t\t\t<\/div>\n\t\t\t\t\t<\/div>\n\t\t<\/div>\n\t\t\t\t<div class=\"elementor-column elementor-col-33 elementor-top-column elementor-element elementor-element-9ecc7f5\" data-id=\"9ecc7f5\" data-element_type=\"column\">\n\t\t\t<div class=\"elementor-column-wrap\">\n\t\t\t\t\t\t\t<div class=\"elementor-widget-wrap\">\n\t\t\t\t\t\t\t\t<\/div>\n\t\t\t\t\t<\/div>\n\t\t<\/div>\n\t\t\t\t\t\t\t\t<\/div>\n\t\t\t\t\t<\/div>\n\t\t<\/section>\n\t\t\t\t<section class=\"elementor-section elementor-top-section elementor-element elementor-element-e2f3aad elementor-section-height-full elementor-section-boxed elementor-section-height-default elementor-section-items-middle\" data-id=\"e2f3aad\" data-element_type=\"section\">\n\t\t\t\t\t\t<div class=\"elementor-container elementor-column-gap-default\">\n\t\t\t\t\t\t\t<div class=\"elementor-row\">\n\t\t\t\t\t<div class=\"elementor-column elementor-col-100 elementor-top-column elementor-element elementor-element-551d4b9\" data-id=\"551d4b9\" data-element_type=\"column\">\n\t\t\t<div class=\"elementor-column-wrap elementor-element-populated\">\n\t\t\t\t\t\t\t<div class=\"elementor-widget-wrap\">\n\t\t\t\t\t\t<div class=\"elementor-element elementor-element-b4387a7 elementor-widget elementor-widget-image\" data-id=\"b4387a7\" data-element_type=\"widget\" data-widget_type=\"image.default\">\n\t\t\t\t<div class=\"elementor-widget-container\">\n\t\t\t\t\t<div class=\"elementor-image\">\n\t\t\t\t\t\t\t\t\t\t<img width=\"800\" height=\"534\" src=\"https:\/\/www.juliakrupa.com.pl\/wp-content\/uploads\/2024\/04\/DSC01098-1024x683.jpg\" class=\"attachment-large size-large\" alt=\"\" loading=\"lazy\" srcset=\"https:\/\/www.juliakrupa.com.pl\/wp-content\/uploads\/2024\/04\/DSC01098-1024x683.jpg 1024w, https:\/\/www.juliakrupa.com.pl\/wp-content\/uploads\/2024\/04\/DSC01098-300x200.jpg 300w, https:\/\/www.juliakrupa.com.pl\/wp-content\/uploads\/2024\/04\/DSC01098-768x512.jpg 768w, https:\/\/www.juliakrupa.com.pl\/wp-content\/uploads\/2024\/04\/DSC01098-1536x1024.jpg 1536w, https:\/\/www.juliakrupa.com.pl\/wp-content\/uploads\/2024\/04\/DSC01098-2048x1365.jpg 2048w\" sizes=\"(max-width: 800px) 100vw, 800px\" \/>\t\t\t\t\t\t\t\t\t\t\t<\/div>\n\t\t\t\t<\/div>\n\t\t\t\t<\/div>\n\t\t\t\t\t\t<\/div>\n\t\t\t\t\t<\/div>\n\t\t<\/div>\n\t\t\t\t\t\t\t\t<\/div>\n\t\t\t\t\t<\/div>\n\t\t<\/section>\n\t\t\t\t<section class=\"elementor-section elementor-top-section elementor-element elementor-element-4c221c6 elementor-section-height-full section elementor-section-boxed elementor-section-height-default elementor-section-items-middle\" data-id=\"4c221c6\" data-element_type=\"section\">\n\t\t\t\t\t\t<div class=\"elementor-container elementor-column-gap-default\">\n\t\t\t\t\t\t\t<div class=\"elementor-row\">\n\t\t\t\t\t<div class=\"elementor-column elementor-col-50 elementor-top-column elementor-element elementor-element-b6adc1e\" data-id=\"b6adc1e\" data-element_type=\"column\">\n\t\t\t<div class=\"elementor-column-wrap\">\n\t\t\t\t\t\t\t<div class=\"elementor-widget-wrap\">\n\t\t\t\t\t\t\t\t<\/div>\n\t\t\t\t\t<\/div>\n\t\t<\/div>\n\t\t\t\t<div class=\"elementor-column elementor-col-50 elementor-top-column elementor-element elementor-element-fb91e83\" data-id=\"fb91e83\" data-element_type=\"column\">\n\t\t\t<div class=\"elementor-column-wrap elementor-element-populated\">\n\t\t\t\t\t\t\t<div class=\"elementor-widget-wrap\">\n\t\t\t\t\t\t<div class=\"elementor-element elementor-element-3dc53b0 elementor-widget elementor-widget-text-editor\" data-id=\"3dc53b0\" data-element_type=\"widget\" data-widget_type=\"text-editor.default\">\n\t\t\t\t<div class=\"elementor-widget-container\">\n\t\t\t\t\t<div class=\"elementor-text-editor elementor-clearfix\"><p>Instalacja wideo sk\u0142ada si\u0119 z dw\u00f3ch kana\u0142\u00f3w. Pierwsza cz\u0119\u015b\u0107 sk\u0142ada si\u0119 z obraz\u00f3w zebranych podczas bada\u0144 terenowych na Podhalu. Druga to nagrania w\u0142asnej praktyki zielarskiej wraz ze \u015bcie\u017ck\u0105 d\u017awi\u0119kow\u0105 zmieniaj\u0105cego si\u0119 pod wp\u0142ywem wysi\u0142ku oddechu.<\/p><\/div>\n\t\t\t\t<\/div>\n\t\t\t\t<\/div>\n\t\t\t\t<div class=\"elementor-element elementor-element-562bf7a elementor-widget elementor-widget-text-editor\" data-id=\"562bf7a\" data-element_type=\"widget\" data-widget_type=\"text-editor.default\">\n\t\t\t\t<div class=\"elementor-widget-container\">\n\t\t\t\t\t<div class=\"elementor-text-editor elementor-clearfix\"><div title=\"Page 4\"><p id=\"tw-target-text\" class=\"tw-data-text tw-text-large XcVN5d tw-ta\" dir=\"ltr\" data-placeholder=\"T\u0142umaczenie\">The video installation consists of two channels. The first part consists of images collected during field research in the Podhale region. The second is recordings of the artist&#8217;s own herbal practice, along with a soundtrack of his breathing changing under exertion.<\/p><\/div><\/div>\n\t\t\t\t<\/div>\n\t\t\t\t<\/div>\n\t\t\t\t\t\t<\/div>\n\t\t\t\t\t<\/div>\n\t\t<\/div>\n\t\t\t\t\t\t\t\t<\/div>\n\t\t\t\t\t<\/div>\n\t\t<\/section>\n\t\t\t\t<section class=\"elementor-section elementor-top-section elementor-element elementor-element-612968e elementor-section-full_width elementor-section-height-full section elementor-section-height-default elementor-section-items-middle\" data-id=\"612968e\" data-element_type=\"section\">\n\t\t\t\t\t\t<div class=\"elementor-container elementor-column-gap-default\">\n\t\t\t\t\t\t\t<div class=\"elementor-row\">\n\t\t\t\t\t<div class=\"elementor-column elementor-col-100 elementor-top-column elementor-element elementor-element-d1ac7f7\" data-id=\"d1ac7f7\" data-element_type=\"column\">\n\t\t\t<div class=\"elementor-column-wrap elementor-element-populated\">\n\t\t\t\t\t\t\t<div class=\"elementor-widget-wrap\">\n\t\t\t\t\t\t<div class=\"elementor-element elementor-element-1e6da87 elementor-aspect-ratio-169 elementor-widget elementor-widget-video\" data-id=\"1e6da87\" data-element_type=\"widget\" data-settings=\"{&quot;aspect_ratio&quot;:&quot;169&quot;}\" data-widget_type=\"video.default\">\n\t\t\t\t<div class=\"elementor-widget-container\">\n\t\t\t\t\t<div class=\"elementor-wrapper elementor-fit-aspect-ratio elementor-open-inline\">\n\t\t\t<iframe class=\"elementor-video-iframe\" allowfullscreen title=\"youtube Video Player\" src=\"https:\/\/www.youtube.com\/embed\/YaGmW14Z9Bk?feature=oembed&amp;start&amp;end&amp;wmode=opaque&amp;loop=0&amp;controls=1&amp;mute=0&amp;rel=0&amp;modestbranding=0\"><\/iframe>\t\t<\/div>\n\t\t\t\t<\/div>\n\t\t\t\t<\/div>\n\t\t\t\t\t\t<\/div>\n\t\t\t\t\t<\/div>\n\t\t<\/div>\n\t\t\t\t\t\t\t\t<\/div>\n\t\t\t\t\t<\/div>\n\t\t<\/section>\n\t\t\t\t\t\t<\/div>\n\t\t\t\t\t\t<\/div>\n\t\t\t\t\t<\/div>\n\t\t","protected":false},"excerpt":{"rendered":"<p>Wsp\u00f3\u0142oddech\/ Breathing-with 2024 Instalacja wideo sk\u0142ada si\u0119 z dw\u00f3ch kana\u0142\u00f3w. Pierwsza cz\u0119\u015b\u0107 sk\u0142ada si\u0119 z obraz\u00f3w zebranych podczas bada\u0144 terenowych na Podhalu. Druga to nagrania w\u0142asnej praktyki zielarskiej wraz ze \u015bcie\u017ck\u0105 d\u017awi\u0119kow\u0105 zmieniaj\u0105cego si\u0119 pod wp\u0142ywem wysi\u0142ku oddechu. The video installation consists of two channels. The first part consists of images collected during field research [&hellip;]<\/p>\n","protected":false},"author":1,"featured_media":0,"parent":0,"menu_order":0,"comment_status":"closed","ping_status":"closed","template":"elementor_canvas","meta":[],"_links":{"self":[{"href":"https:\/\/www.juliakrupa.com.pl\/index.php?rest_route=\/wp\/v2\/pages\/826"}],"collection":[{"href":"https:\/\/www.juliakrupa.com.pl\/index.php?rest_route=\/wp\/v2\/pages"}],"about":[{"href":"https:\/\/www.juliakrupa.com.pl\/index.php?rest_route=\/wp\/v2\/types\/page"}],"author":[{"embeddable":true,"href":"https:\/\/www.juliakrupa.com.pl\/index.php?rest_route=\/wp\/v2\/users\/1"}],"replies":[{"embeddable":true,"href":"https:\/\/www.juliakrupa.com.pl\/index.php?rest_route=%2Fwp%2Fv2%2Fcomments&post=826"}],"version-history":[{"count":10,"href":"https:\/\/www.juliakrupa.com.pl\/index.php?rest_route=\/wp\/v2\/pages\/826\/revisions"}],"predecessor-version":[{"id":838,"href":"https:\/\/www.juliakrupa.com.pl\/index.php?rest_route=\/wp\/v2\/pages\/826\/revisions\/838"}],"wp:attachment":[{"href":"https:\/\/www.juliakrupa.com.pl\/index.php?rest_route=%2Fwp%2Fv2%2Fmedia&parent=826"}],"curies":[{"name":"wp","href":"https:\/\/api.w.org\/{rel}","templated":true}]}}